{"id":10,"date":"2025-08-29T05:17:37","date_gmt":"2025-08-29T05:17:37","guid":{"rendered":"https:\/\/kranzkreativ.p01.wpspace.partners\/choerner\/?page_id=10"},"modified":"2025-12-01T12:58:12","modified_gmt":"2025-12-01T12:58:12","slug":"claudia-hoerner","status":"publish","type":"page","link":"https:\/\/choerner.de\/","title":{"rendered":"Claudia Hoerner"},"content":{"rendered":"\t\t<div data-elementor-type=\"wp-page\" data-elementor-id=\"10\" class=\"elementor elementor-10\" data-elementor-post-type=\"page\">\n\t\t\t\t<div class=\"elementor-element elementor-element-7ee011d e-flex e-con-boxed e-con e-parent\" data-id=\"7ee011d\" data-element_type=\"container\" data-e-type=\"container\">\n\t\t\t\t\t<div class=\"e-con-inner\">\n\t\t<div class=\"elementor-element elementor-element-e7f4489 e-grid e-con-full e-con e-child\" data-id=\"e7f4489\" data-element_type=\"container\" data-e-type=\"container\">\n\t\t<div class=\"elementor-element elementor-element-7627df5 e-con-full e-flex e-con e-child\" data-id=\"7627df5\" data-element_type=\"container\" data-e-type=\"container\">\n\t\t\t\t<div class=\"elementor-element elementor-element-de6b3f2 elementor-widget elementor-widget-heading\" data-id=\"de6b3f2\" data-element_type=\"widget\" data-e-type=\"widget\" data-widget_type=\"heading.default\">\n\t\t\t\t\t<h2 class=\"elementor-heading-title elementor-size-default\"> BV Fachkompetenz <\/h2>\t\t\t\t<\/div>\n\t\t\t\t<div class=\"elementor-element elementor-element-9039347 linkschwarz elementor-widget elementor-widget-text-editor\" data-id=\"9039347\" data-element_type=\"widget\" data-e-type=\"widget\" data-widget_type=\"text-editor.default\">\n\t\t\t\t\t\t\t\t\t<p>GGF-Versorgung<strong><br \/><\/strong>Versicherungsf\u00f6rmige Benefits<br \/>Kommunikation mit HR und den Mitarbeitenden<\/p>\t\t\t\t\t\t\t\t<\/div>\n\t\t\t\t<\/div>\n\t\t<div class=\"elementor-element elementor-element-cd03bba e-con-full e-flex e-con e-child\" data-id=\"cd03bba\" data-element_type=\"container\" data-e-type=\"container\">\n\t\t\t\t<div class=\"elementor-element elementor-element-79c01c4 elementor-widget elementor-widget-heading\" data-id=\"79c01c4\" data-element_type=\"widget\" data-e-type=\"widget\" data-widget_type=\"heading.default\">\n\t\t\t\t\t<h2 class=\"elementor-heading-title elementor-size-default\">BV Beratung<\/h2>\t\t\t\t<\/div>\n\t\t\t\t<div class=\"elementor-element elementor-element-e8cd04b elementor-widget elementor-widget-text-editor\" data-id=\"e8cd04b\" data-element_type=\"widget\" data-e-type=\"widget\" data-widget_type=\"text-editor.default\">\n\t\t\t\t\t\t\t\t\t<p class=\"p1\">Implementierung neuer Konzepte<br \/>Optimierung bestehender Konzepte<br \/>Ma\u00dfgeschneiderte R\u00fcckdeckungsl\u00f6sungen<\/p>\t\t\t\t\t\t\t\t<\/div>\n\t\t\t\t<\/div>\n\t\t<div class=\"elementor-element elementor-element-ad9beaa e-con-full e-flex e-con e-child\" data-id=\"ad9beaa\" data-element_type=\"container\" data-e-type=\"container\">\n\t\t\t\t<div class=\"elementor-element elementor-element-b162d7e elementor-widget elementor-widget-heading\" data-id=\"b162d7e\" data-element_type=\"widget\" data-e-type=\"widget\" data-widget_type=\"heading.default\">\n\t\t\t\t\t<h2 class=\"elementor-heading-title elementor-size-default\">BV Restrukturierung<\/h2>\t\t\t\t<\/div>\n\t\t\t\t<div class=\"elementor-element elementor-element-346e5e5 elementor-widget elementor-widget-text-editor\" data-id=\"346e5e5\" data-element_type=\"widget\" data-e-type=\"widget\" data-widget_type=\"text-editor.default\">\n\t\t\t\t\t\t\t\t\t<p class=\"p1\">Analyse, Neuordnung<br \/>Eingrenzung von Risiken<br \/>Vermeidung bilanzieller Risiken<\/p>\t\t\t\t\t\t\t\t<\/div>\n\t\t\t\t<\/div>\n\t\t<div class=\"elementor-element elementor-element-10d0b00 e-con-full e-flex e-con e-child\" data-id=\"10d0b00\" data-element_type=\"container\" data-e-type=\"container\">\n\t\t\t\t<div class=\"elementor-element elementor-element-066015f elementor-widget elementor-widget-heading\" data-id=\"066015f\" data-element_type=\"widget\" data-e-type=\"widget\" data-widget_type=\"heading.default\">\n\t\t\t\t\t<h2 class=\"elementor-heading-title elementor-size-default\">bAV bei M und A<\/h2>\t\t\t\t<\/div>\n\t\t\t\t<div class=\"elementor-element elementor-element-109cfa0 elementor-widget elementor-widget-text-editor\" data-id=\"109cfa0\" data-element_type=\"widget\" data-e-type=\"widget\" data-widget_type=\"text-editor.default\">\n\t\t\t\t\t\t\t\t\t<p class=\"p1\">Analyse des Status Quo<br \/>Due Diligence K\u00e4ufer\/Verk\u00e4uferseits<br \/>Durchf\u00fchrungsplanung bei<br \/>\u00dcbernahme\/Fortf\u00fchrung der bAV+bKV<\/p>\t\t\t\t\t\t\t\t<\/div>\n\t\t\t\t<\/div>\n\t\t<div class=\"elementor-element elementor-element-7df6ff3 e-con-full e-flex e-con e-child\" data-id=\"7df6ff3\" data-element_type=\"container\" data-e-type=\"container\">\n\t\t\t\t<div class=\"elementor-element elementor-element-f9470d9 elementor-widget elementor-widget-heading\" data-id=\"f9470d9\" data-element_type=\"widget\" data-e-type=\"widget\" data-widget_type=\"heading.default\">\n\t\t\t\t\t<h2 class=\"elementor-heading-title elementor-size-default\">Administration<\/h2>\t\t\t\t<\/div>\n\t\t\t\t<div class=\"elementor-element elementor-element-f83e9ef elementor-widget elementor-widget-text-editor\" data-id=\"f83e9ef\" data-element_type=\"widget\" data-e-type=\"widget\" data-widget_type=\"text-editor.default\">\n\t\t\t\t\t\t\t\t\t<p class=\"p1\">Bestandsverwaltung<br \/>Auskunft f\u00fcr HR und Mitarbeitende<br \/>Korrespondenz mit Vorsorgetr\u00e4gern<\/p>\t\t\t\t\t\t\t\t<\/div>\n\t\t\t\t<\/div>\n\t\t<div class=\"elementor-element elementor-element-268cbf2 e-con-full e-flex e-con e-child\" data-id=\"268cbf2\" data-element_type=\"container\" data-e-type=\"container\">\n\t\t\t\t<div class=\"elementor-element elementor-element-79f5d0f elementor-widget elementor-widget-heading\" data-id=\"79f5d0f\" data-element_type=\"widget\" data-e-type=\"widget\" data-widget_type=\"heading.default\">\n\t\t\t\t\t<h2 class=\"elementor-heading-title elementor-size-default\">Vermittlerregister<\/h2>\t\t\t\t<\/div>\n\t\t\t\t<div class=\"elementor-element elementor-element-af5299e elementor-widget elementor-widget-text-editor\" data-id=\"af5299e\" data-element_type=\"widget\" data-e-type=\"widget\" data-widget_type=\"text-editor.default\">\n\t\t\t\t\t\t\t\t\t<p class=\"p1\">\u00a734d Versicherungsmakler<br \/>Reg.-Nr. D-4VTU-IXQJ4-69<br \/>IHK zu K\u00f6ln<\/p><p>Senior-Spezialistin f\u00fcr betriebliche Altersversorgung<\/p>\t\t\t\t\t\t\t\t<\/div>\n\t\t\t\t<\/div>\n\t\t\t\t<\/div>\n\t\t<div class=\"elementor-element elementor-element-f381582 e-con-full elementor-hidden-mobile e-flex e-con e-child\" data-id=\"f381582\" data-element_type=\"container\" data-e-type=\"container\">\n\t\t\t\t<div class=\"elementor-element elementor-element-982a850 elementor-widget elementor-widget-text-editor\" data-id=\"982a850\" data-element_type=\"widget\" data-e-type=\"widget\" data-widget_type=\"text-editor.default\">\n\t\t\t\t\t\t\t\t\t<p>0160 &#8211; 33\u00a0 98 660 \u00b7 <a href=\"mailto:ch@choerner.de\">ch@choerner.de<\/a><\/p>\t\t\t\t\t\t\t\t<\/div>\n\t\t\t\t<div class=\"elementor-element elementor-element-63f997b elementor-widget elementor-widget-text-editor\" data-id=\"63f997b\" data-element_type=\"widget\" data-e-type=\"widget\" data-widget_type=\"text-editor.default\">\n\t\t\t\t\t\t\t\t\t<p>Lombardring 32 \u00b7 50127 Bergheim<\/p>\t\t\t\t\t\t\t\t<\/div>\n\t\t\t\t<\/div>\n\t\t<div class=\"elementor-element elementor-element-7b10336 e-con-full elementor-hidden-desktop elementor-hidden-tablet e-flex e-con e-child\" data-id=\"7b10336\" data-element_type=\"container\" data-e-type=\"container\">\n\t\t\t\t<div class=\"elementor-element elementor-element-f703e1a elementor-widget elementor-widget-text-editor\" data-id=\"f703e1a\" data-element_type=\"widget\" data-e-type=\"widget\" data-widget_type=\"text-editor.default\">\n\t\t\t\t\t\t\t\t\t<p>0160 &#8211; 33\u00a0 98 660<br \/><a href=\"mailto:ch@choerner.de\">ch@choerner.de<\/a><br \/>Lombardring 32<br \/>50127 Bergheim<\/p>\t\t\t\t\t\t\t\t<\/div>\n\t\t\t\t<\/div>\n\t\t\t\t<div class=\"elementor-element elementor-element-605a132 elementor-widget elementor-widget-image\" data-id=\"605a132\" data-element_type=\"widget\" data-e-type=\"widget\" data-widget_type=\"image.default\">\n\t\t\t\t\t\t\t\t\t\t\t\t\t\t\t<img fetchpriority=\"high\" decoding=\"async\" width=\"800\" height=\"289\" src=\"https:\/\/choerner.de\/wp-content\/uploads\/2025\/08\/koeln3-1024x370.jpg\" class=\"attachment-large size-large wp-image-168\" alt=\"\" srcset=\"https:\/\/choerner.de\/wp-content\/uploads\/2025\/08\/koeln3-1024x370.jpg 1024w, https:\/\/choerner.de\/wp-content\/uploads\/2025\/08\/koeln3-300x108.jpg 300w, https:\/\/choerner.de\/wp-content\/uploads\/2025\/08\/koeln3-768x278.jpg 768w, https:\/\/choerner.de\/wp-content\/uploads\/2025\/08\/koeln3.jpg 1300w\" sizes=\"(max-width: 800px) 100vw, 800px\" \/>\t\t\t\t\t\t\t\t\t\t\t\t\t\t\t<\/div>\n\t\t\t\t\t<\/div>\n\t\t\t\t<\/div>\n\t\t\t\t<\/div>\n\t\t","protected":false},"excerpt":{"rendered":"<p>BV Fachkompetenz GGF-VersorgungVersicherungsf\u00f6rmige BenefitsKommunikation mit HR und den Mitarbeitenden BV Beratung Implementierung neuer KonzepteOptimierung bestehender KonzepteMa\u00dfgeschneiderte R\u00fcckdeckungsl\u00f6sungen BV Restrukturierung Analyse, NeuordnungEingrenzung von RisikenVermeidung bilanzieller Risiken bAV bei M und A Analyse des Status QuoDue Diligence K\u00e4ufer\/Verk\u00e4uferseitsDurchf\u00fchrungsplanung bei\u00dcbernahme\/Fortf\u00fchrung der bAV+bKV Administration BestandsverwaltungAuskunft f\u00fcr HR und MitarbeitendeKorrespondenz mit Vorsorgetr\u00e4gern Vermittlerregister \u00a734d VersicherungsmaklerReg.-Nr. D-4VTU-IXQJ4-69IHK zu K\u00f6ln Senior-Spezialistin f\u00fcr [&hellip;]<\/p>\n","protected":false},"author":1,"featured_media":0,"parent":0,"menu_order":0,"comment_status":"closed","ping_status":"closed","template":"elementor_header_footer","meta":{"_acf_changed":false,"footnotes":""},"class_list":["post-10","page","type-page","status-publish","hentry"],"acf":[],"_links":{"self":[{"href":"https:\/\/choerner.de\/index.php\/wp-json\/wp\/v2\/pages\/10","targetHints":{"allow":["GET"]}}],"collection":[{"href":"https:\/\/choerner.de\/index.php\/wp-json\/wp\/v2\/pages"}],"about":[{"href":"https:\/\/choerner.de\/index.php\/wp-json\/wp\/v2\/types\/page"}],"author":[{"embeddable":true,"href":"https:\/\/choerner.de\/index.php\/wp-json\/wp\/v2\/users\/1"}],"replies":[{"embeddable":true,"href":"https:\/\/choerner.de\/index.php\/wp-json\/wp\/v2\/comments?post=10"}],"version-history":[{"count":85,"href":"https:\/\/choerner.de\/index.php\/wp-json\/wp\/v2\/pages\/10\/revisions"}],"predecessor-version":[{"id":321,"href":"https:\/\/choerner.de\/index.php\/wp-json\/wp\/v2\/pages\/10\/revisions\/321"}],"wp:attachment":[{"href":"https:\/\/choerner.de\/index.php\/wp-json\/wp\/v2\/media?parent=10"}],"curies":[{"name":"wp","href":"https:\/\/api.w.org\/{rel}","templated":true}]}}